{"id":4652,"date":"2024-08-20T12:42:52","date_gmt":"2024-08-20T12:42:52","guid":{"rendered":"https:\/\/full-scope.de\/impressum\/"},"modified":"2024-10-03T16:40:54","modified_gmt":"2024-10-03T16:40:54","slug":"impressum","status":"publish","type":"page","link":"https:\/\/full-scope.de\/de\/impressum\/","title":{"rendered":"Impressum"},"content":{"rendered":"\t\t<div data-elementor-type=\"wp-page\" data-elementor-id=\"4652\" class=\"elementor elementor-4652 elementor-3268\" data-elementor-post-type=\"page\">\n\t\t\t\t<div class=\"elementor-element elementor-element-2f41152 e-flex e-con-boxed e-con e-parent\" data-id=\"2f41152\" data-element_type=\"container\" data-e-type=\"container\">\n\t\t\t\t\t<div class=\"e-con-inner\">\n\t\t\t\t<div class=\"elementor-element elementor-element-f6fbd5b elementor-widget elementor-widget-heading\" data-id=\"f6fbd5b\" data-element_type=\"widget\" data-e-type=\"widget\" data-widget_type=\"heading.default\">\n\t\t\t\t<div class=\"elementor-widget-container\">\n\t\t\t\t\t<h1 class=\"elementor-heading-title elementor-size-default\">Impressum<\/h1>\t\t\t\t<\/div>\n\t\t\t\t<\/div>\n\t\t\t\t<div class=\"elementor-element elementor-element-1283fce elementor-widget elementor-widget-text-editor\" data-id=\"1283fce\" data-element_type=\"widget\" data-e-type=\"widget\" data-widget_type=\"text-editor.default\">\n\t\t\t\t<div class=\"elementor-widget-container\">\n\t\t\t\t\t\t\t\t\t<h2 id=\"m46\">Diensteanbieter<\/h2><p>Full Scope GmbH<\/p><p>Ludwig-Sch\u00f6n-Stra\u00dfe 6<\/p><p>84489 Burghausen<\/p><p>Deutschland<\/p><h2 id=\"m56\">Kontaktm\u00f6glichkeiten<\/h2><p>E-Mail-Adresse: office@full-scope.de<\/p><p>Telefon: +49 (0) 8677 669 222 4<\/p><h2 id=\"m153\">Vertretungsberechtigte Personen<\/h2><p>Vertretungsberechtigt: Matthias Hochwimmer &amp; Johannes Schnappinger | Gesch\u00e4ftsf\u00fchrer<\/p><h2 id=\"m3589\">Audiovisuelle Mediendienste<\/h2><p>Sitzland: Deutschland.<\/p><p>Zust\u00e4ndige Regulierungs-, bzw. Aufsichtsbeh\u00f6rde: Bayerische Landeszentrale f\u00fcr neue Medien (BLM),\u00a0<a href=\"https:\/\/www.blm.de\/\" target=\"_blank\" rel=\"noopener\">https:\/\/www.blm.de\/<\/a><\/p><h2 id=\"m58\">Angaben zum Unternehmen<\/h2><p>Umsatzsteuer Identifikationsnummer (USt-ID): DE369784688<\/p><p>AGB:\u00a0<a href=\"https:\/\/full-scope.de\/de\/bedingungen-und-konditionen\/\" target=\"_blank\" rel=\"noopener\">https:\/\/full-scope.de\/de\/bedingungen-und-konditionen\/<\/a><\/p><h2 id=\"m151\">Register und Registernummer<\/h2><p>Handelsregister<\/p><p>Gef\u00fchrt bei: Amtsgericht Traunstein<\/p><p>Nummer: HRB 33170<\/p><h2 id=\"m172\">Social Media und andere Onlinepr\u00e4senzen<\/h2><p>Dieses Impressum gilt auch f\u00fcr die folgenden Social-Media-Pr\u00e4senzen und Onlineprofile:<\/p><p><a href=\"https:\/\/www.facebook.com\/people\/Full-Scope-GmbH\/61558645557642\/?mibextid=LQQJ4d&amp;rdid=CLpR1RzhG2sh5OWz&amp;share_url=https%3A%2F%2Fwww.facebook.com%2Fshare%2FWjFtREhf8X9QGT1B%2F%3Fmibextid%3DLQQJ4d\" target=\"_blank\" rel=\"noopener\">https:\/\/www.facebook.com\/people\/Full-Scope-GmbH\/61558645557642\/?mibextid=LQQJ4d&amp;rdid=CLpR1RzhG2sh5OWz&amp;share_url=https%3A%2F%2Fwww.facebook.com%2Fshare%2FWjFtREhf8X9QGT1B%2F%3Fmibextid%3DLQQJ4d<\/a><\/p><p><a href=\"https:\/\/www.instagram.com\/fullscope_gmbh?igsh=bTE1N20zbjBoMXM3\" target=\"_blank\" rel=\"noopener\">https:\/\/www.instagram.com\/fullscope_gmbh?igsh=bTE1N20zbjBoMXM3<\/a><\/p><p><a href=\"https:\/\/www.linkedin.com\/company\/103259363\/admin\/dashboard\/\" target=\"_blank\" rel=\"noopener\">https:\/\/www.linkedin.com\/company\/103259363\/admin\/dashboard\/<\/a><\/p><h2 id=\"m65\">Haftungs- und Schutzrechtshinweise<\/h2><p>Haftungsausschluss: Die Inhalte dieses Onlineangebotes wurden sorgf\u00e4ltig und nach unserem aktuellen Kenntnisstand erstellt, dienen jedoch nur der Information und entfalten keine rechtlich bindende Wirkung, sofern es sich nicht um gesetzlich verpflichtende Informationen (z.\u00a0B. das Impressum, die Datenschutzerkl\u00e4rung, AGB oder verpflichtende Belehrungen von Verbrauchern) handelt. Wir behalten uns vor, die Inhalte vollst\u00e4ndig oder teilweise zu \u00e4ndern oder zu l\u00f6schen, soweit vertragliche Verpflichtungen unber\u00fchrt bleiben. Alle Angebote sind freibleibend und unverbindlich.<\/p><p>Links auf fremde Webseiten: Die Inhalte fremder Webseiten, auf die wir direkt oder indirekt verweisen, liegen au\u00dferhalb unseres Verantwortungsbereiches und wir machen sie uns nicht zu Eigen. F\u00fcr alle Inhalte und Nachteile, die aus der Nutzung der in den verlinkten Webseiten aufrufbaren Informationen entstehen, \u00fcbernehmen wir keine Verantwortung.<\/p><p>Urheberrechte und Markenrechte: Alle auf dieser Website dargestellten Inhalte, wie Texte, Fotografien, Grafiken, Marken und Warenzeichen sind durch die jeweiligen Schutzrechte (Urheberrechte, Markenrechte) gesch\u00fctzt. Die Verwendung, Vervielf\u00e4ltigung usw. unterliegen unseren Rechten oder den Rechten der jeweiligen Urheber bzw. Rechteinhaber.<\/p><p>Hinweise auf Rechtsverst\u00f6\u00dfe: Sollten Sie innerhalb unseres Internetauftritts Rechtsverst\u00f6\u00dfe bemerken, bitten wir Sie uns auf diese hinzuweisen. Wir werden rechtswidrige Inhalte und Links nach Kenntnisnahme unverz\u00fcglich entfernen.<\/p><p class=\"seal\"><a title=\"Rechtstext von Dr. Schwenke - f\u00fcr weitere Informationen bitte anklicken.\" href=\"https:\/\/datenschutz-generator.de\/\" target=\"_blank\" rel=\"noopener noreferrer nofollow\"><img fetchpriority=\"high\" decoding=\"async\" src=\"https:\/\/datenschutz-generator.de\/wp-content\/plugins\/ts-dsg\/images\/dsg-seal\/dsg-seal-doc-de.png\" alt=\"Rechtstext von Dr. Schwenke - f\u00fcr weitere Informationen bitte anklicken.\" width=\"250\" height=\"250\" \/><\/a><\/p>\t\t\t\t\t\t\t\t<\/div>\n\t\t\t\t<\/div>\n\t\t\t\t\t<\/div>\n\t\t\t\t<\/div>\n\t\t\t\t<\/div>\n\t\t","protected":false},"excerpt":{"rendered":"<p>Impressum Diensteanbieter Full Scope GmbH Ludwig-Sch\u00f6n-Stra\u00dfe 6 84489 Burghausen Deutschland Kontaktm\u00f6glichkeiten E-Mail-Adresse: office@full-scope.de Telefon: +49 (0) 8677 669 222 4 Vertretungsberechtigte Personen Vertretungsberechtigt: Matthias Hochwimmer &amp; Johannes Schnappinger | Gesch\u00e4ftsf\u00fchrer Audiovisuelle Mediendienste Sitzland: Deutschland. Zust\u00e4ndige Regulierungs-, bzw. Aufsichtsbeh\u00f6rde: Bayerische Landeszentrale f\u00fcr neue Medien (BLM),\u00a0https:\/\/www.blm.de\/ Angaben zum Unternehmen Umsatzsteuer Identifikationsnummer (USt-ID): DE369784688 AGB:\u00a0https:\/\/full-scope.de\/de\/bedingungen-und-konditionen\/ Register und Registernummer [&hellip;]<\/p>\n","protected":false},"author":1,"featured_media":0,"parent":0,"menu_order":0,"comment_status":"closed","ping_status":"closed","template":"","meta":{"_acf_changed":false,"footnotes":""},"class_list":["post-4652","page","type-page","status-publish","hentry"],"acf":[],"_links":{"self":[{"href":"https:\/\/full-scope.de\/de\/wp-json\/wp\/v2\/pages\/4652","targetHints":{"allow":["GET"]}}],"collection":[{"href":"https:\/\/full-scope.de\/de\/wp-json\/wp\/v2\/pages"}],"about":[{"href":"https:\/\/full-scope.de\/de\/wp-json\/wp\/v2\/types\/page"}],"author":[{"embeddable":true,"href":"https:\/\/full-scope.de\/de\/wp-json\/wp\/v2\/users\/1"}],"replies":[{"embeddable":true,"href":"https:\/\/full-scope.de\/de\/wp-json\/wp\/v2\/comments?post=4652"}],"version-history":[{"count":4,"href":"https:\/\/full-scope.de\/de\/wp-json\/wp\/v2\/pages\/4652\/revisions"}],"predecessor-version":[{"id":5117,"href":"https:\/\/full-scope.de\/de\/wp-json\/wp\/v2\/pages\/4652\/revisions\/5117"}],"wp:attachment":[{"href":"https:\/\/full-scope.de\/de\/wp-json\/wp\/v2\/media?parent=4652"}],"curies":[{"name":"wp","href":"https:\/\/api.w.org\/{rel}","templated":true}]}}